{"id":57,"date":"2021-11-20T18:03:12","date_gmt":"2021-11-20T16:03:12","guid":{"rendered":"https:\/\/www.nordicbeards.com\/?post_type=product&#038;p=57"},"modified":"2025-06-19T16:36:47","modified_gmt":"2025-06-19T13:36:47","slug":"nordic-beards-beard-oil-kvenland-30ml","status":"publish","type":"product","link":"https:\/\/www.nordicbeards.com\/index.php\/tuote\/nordic-beards-beard-oil-kvenland-30ml\/","title":{"rendered":"Nordic Beards Beard Oil Kvenland 30 ml"},"content":{"rendered":"<div id=\"ProductDescription\">\n<p><strong>Nordic Beards Beard Oil Kvenland 30 ml<\/strong><\/p>\n<p>100% natural and vegan beard oil with seven different natural oils. Handmade in Finland.<\/p>\n<p>Nordic Beards Beard oil Kvenland makes the beard soft and gives it a healthy shine. The use of beard oil also prevents itching and flaking of the skin under the beard. Suitable for daily use.<\/p>\n<p>Scent: woodsy, masculine<\/p>\n<h5>Contains essential oils:<\/h5>\n<ul>\n<li>Ho wood<\/li>\n<li>Cedarwood<\/li>\n<li>Frankincense<\/li>\n<li>Pinewood<\/li>\n<\/ul>\n<h5>Contains natural oils: argan oil, almond oil, jojoba oil, apricot oil, castor oil, avocado oil, and vitamin E.<\/h5>\n<ul>\n<li>Argan oil: effectively treats and moisturizes dry skin and beard, strengthens the beard and softens the skin and beard<\/li>\n<li>Jojoba oil: adds shine and fullness to the beard and strengthens, moisturizes and treats brittle and dry beard hair<\/li>\n<li>Avocado oil: rich in vitamins such as vitamin D.<\/li>\n<li>Castor oil: moisturizes the dry beard and also acts as a protective barrier against harsh environmental conditions<\/li>\n<li>Almond oil: emollient and nourishing, especially soothes dry and itchy skin<\/li>\n<li>Apricot oil: nourishes and moisturizes, rich in vitamin A<\/li>\n<li>Vitamin E: protects and moisturizes the skin and beard, gives protection e.g. against UV radiation<\/li>\n<\/ul>\n<p>30 ml glass bottle with pipette.<\/p>\n<p>How to use: take a few drops of oil on the palm of your hand, depending on the size of the beard. Warm it up by rubbing your hands together for a moment and then apply it to the the beard and mustache and to the skin under the beard. We recommend using it after a shower or face wash, when the oil is most effectively absorbed on both the beard and the skin.<\/p>\n<p><strong>Nordic Beards parta\u00f6ljy Kvenland 30 ml<\/strong><\/p>\n<p>100% luonnollinen ja vegaaninen parta\u00f6ljy, joka sis\u00e4lt\u00e4\u00e4 runsaasti partaa ja ihoa hoitavia \u00f6ljyj\u00e4. Valmistettu k\u00e4sity\u00f6n\u00e4 Suomessa.<\/p>\n<p><span style=\"font-size: inherit; color: var(--colorfont); letter-spacing: 0.02em;\">Parta\u00f6ljy tekee parrasta pehme\u00e4n ja antaa sille terveen kiillon. Parta\u00f6ljyn k\u00e4ytt\u00f6 my\u00f6s ehk\u00e4isee ihon kutinaa ja hilseily\u00e4 parran alla. <\/span><span style=\"font-size: inherit; color: var(--colorfont); letter-spacing: 0.02em;\">Sopii p\u00e4ivitt\u00e4iseen k\u00e4ytt\u00f6\u00f6n.<\/span><\/p>\n<p><strong style=\"font-size: inherit; color: var(--colorfont); letter-spacing: 0.02em;\">Tuoksu: mets\u00e4inen, miehek\u00e4s<\/strong><\/p>\n<h5><span style=\"font-size: inherit; color: var(--colorfont); letter-spacing: 0.02em;\">Eteeriset tuoksu\u00f6ljyt:<\/span><\/h5>\n<\/div>\n<div id=\"ProductInformation\">\n<ul>\n<li>Kamferipuu<\/li>\n<li>Setripuu<\/li>\n<li>M\u00e4nty<\/li>\n<li>Frankincense (suitsukepihka)<\/li>\n<\/ul>\n<h5>Luonnolliset, hoitavat\u00a0\u00f6ljyt:<\/h5>\n<ul>\n<li>Argan\u00f6ljy: hoitaa ja kosteuttaa tehokkaasti kuivaa ihoa ja partakarvaa,\u00a0vahvistaa partaa sek\u00e4\u00a0pehment\u00e4\u00e4 ihoa ja partaa<\/li>\n<li>Jojoba\u00f6ljy: lis\u00e4\u00e4 kiiltoa ja tuuheutta parralle sek\u00e4 vahvistaa, kosteuttaa ja\u00a0hoitaa hauraita ja kuivia partakarvoja<\/li>\n<li>Avokado\u00f6ljy: sis\u00e4lt\u00e4\u00e4 runsaasti ihoa ja partaa hoitavia\u00a0vitamiineja, kuten D-vitamiinia<\/li>\n<li>Risiini\u00f6ljy: kosteuttaa kuivaa partaa ja\u00a0toimii my\u00f6s tehokkaana suojana mm. kovaa pakkasta ja polttavaa aurinkoa vastaan<\/li>\n<li>Manteli\u00f6ljy: pehmitt\u00e4v\u00e4 ja ravitseva,\u00a0rauhoittaa erityisesti kuivaa ja kutisevaa\u00a0ihoa<\/li>\n<li>Aprikoosi\u00f6ljy: ravitsee ja kosteuttaa, sis\u00e4lt\u00e4\u00e4 runsaasti A-vitamiinia<\/li>\n<li>E-vitamiini: suojaa ja kosteuttaa ihoa ja partaa, hyv\u00e4 suoja mm. uv-s\u00e4teily\u00e4 vastaan<\/li>\n<\/ul>\n<p>30 ml lasipullo, jossa on pipetti.<\/p>\n<p>Parta\u00f6ljyn k\u00e4ytt\u00f6: ota \u00f6ljy\u00e4 k\u00e4mmenelle muutama tippa parran koosta riippuen. L\u00e4mmit\u00e4 sit\u00e4 hieromalla k\u00e4si\u00e4 hetki yhteen ja levit\u00e4 sitten partaan ja viiksiin sek\u00e4 iholle parran alle. Suosittelemme k\u00e4ytt\u00f6\u00e4\u00a0suihkun tai kasvojenpesun j\u00e4lkeen, jolloin \u00f6ljy imeytyy tehokkaimmin niin partaan kuin ihoon.<\/p>\n<p>INCI: Argania Spinosa, Simmondsia Chinensis, Persea Gratissima, Ricinus Communis, Prunus Amygdalus Dulcis, Prunus Armeniaca, Mixed Tocopherol Helianthus Annuus, Cinnamonium camphora, Cedrus Atlantica, Boswellia serrata, Pinus sylvestris, Abies siberica, Geranium, Limonene, Linalool<\/p>\n<\/div>\n","protected":false},"excerpt":{"rendered":"<p><strong>Nordic Beards Beard Oil Kvenland 30 ml<\/strong><\/p>\n<p>100% natural and vegan beard oil. Handmade in Finland.<\/p>\n<p>Scent: woodsy, masculine.<\/p>\n<p><strong>Parta\u00f6ljy Kvenland<\/strong><\/p>\n<p>100% luonnollinen ja vegaaninen parta\u00f6ljy, joka sis\u00e4lt\u00e4\u00e4 runsaasti partaa ja ihoa hoitavia \u00f6ljyj\u00e4. Valmistettu k\u00e4sity\u00f6n\u00e4 Suomessa.<\/p>\n<p>Tuoksu: mets\u00e4inen, miehek\u00e4s.<\/p>\n<p>&nbsp;<\/p>\n","protected":false},"featured_media":160,"comment_status":"open","ping_status":"closed","template":"","meta":[],"product_cat":[15],"product_tag":[27,28,26,29],"yoast_head":"<!-- This site is optimized with the Yoast SEO plugin v22.3 - https:\/\/yoast.com\/wordpress\/plugins\/seo\/ -->\n<title>Nordic Beards Beard Oil Kvenland 30 ml - Nordic Beards<\/title>\n<meta name=\"description\" content=\"Nordic Beards Beard Oil Kvenland is a natural and vegan, handmade beard oil with a woodsy and masculine scent.\" \/>\n<meta name=\"robots\" content=\"index, follow, max-snippet:-1, max-image-preview:large, max-video-preview:-1\" \/>\n<link rel=\"canonical\" href=\"https:\/\/www.nordicbeards.com\/index.php\/tuote\/nordic-beards-beard-oil-kvenland-30ml\/\" \/>\n<meta property=\"og:locale\" content=\"en_GB\" \/>\n<meta property=\"og:type\" content=\"article\" \/>\n<meta property=\"og:title\" content=\"Nordic Beards Beard Oil Kvenland 30 ml - Nordic Beards\" \/>\n<meta property=\"og:description\" content=\"Nordic Beards Beard Oil Kvenland is a natural and vegan, handmade beard oil with a woodsy and masculine scent.\" \/>\n<meta property=\"og:url\" content=\"https:\/\/www.nordicbeards.com\/index.php\/tuote\/nordic-beards-beard-oil-kvenland-30ml\/\" \/>\n<meta property=\"og:site_name\" content=\"Nordic Beards\" \/>\n<meta property=\"article:modified_time\" content=\"2025-06-19T13:36:47+00:00\" \/>\n<meta property=\"og:image\" content=\"https:\/\/www.nordicbeards.com\/wp-content\/uploads\/2021\/11\/Nordic-Beards-Kvenland-Beard-Oil.png\" \/>\n\t<meta property=\"og:image:width\" content=\"954\" \/>\n\t<meta property=\"og:image:height\" content=\"982\" \/>\n\t<meta property=\"og:image:type\" content=\"image\/png\" \/>\n<meta name=\"twitter:card\" content=\"summary_large_image\" \/>\n<meta name=\"twitter:label1\" content=\"Estimated reading time\" \/>\n\t<meta name=\"twitter:data1\" content=\"3 minutes\" \/>\n<script type=\"application\/ld+json\" class=\"yoast-schema-graph\">{\"@context\":\"https:\/\/schema.org\",\"@graph\":[{\"@type\":\"WebPage\",\"@id\":\"https:\/\/www.nordicbeards.com\/index.php\/tuote\/nordic-beards-beard-oil-kvenland-30ml\/\",\"url\":\"https:\/\/www.nordicbeards.com\/index.php\/tuote\/nordic-beards-beard-oil-kvenland-30ml\/\",\"name\":\"Nordic Beards Beard Oil Kvenland 30 ml - Nordic Beards\",\"isPartOf\":{\"@id\":\"https:\/\/www.nordicbeards.com\/#website\"},\"primaryImageOfPage\":{\"@id\":\"https:\/\/www.nordicbeards.com\/index.php\/tuote\/nordic-beards-beard-oil-kvenland-30ml\/#primaryimage\"},\"image\":{\"@id\":\"https:\/\/www.nordicbeards.com\/index.php\/tuote\/nordic-beards-beard-oil-kvenland-30ml\/#primaryimage\"},\"thumbnailUrl\":\"https:\/\/www.nordicbeards.com\/wp-content\/uploads\/2021\/11\/Nordic-Beards-Kvenland-Beard-Oil.png\",\"datePublished\":\"2021-11-20T16:03:12+00:00\",\"dateModified\":\"2025-06-19T13:36:47+00:00\",\"description\":\"Nordic Beards Beard Oil Kvenland is a natural and vegan, handmade beard oil with a woodsy and masculine scent.\",\"breadcrumb\":{\"@id\":\"https:\/\/www.nordicbeards.com\/index.php\/tuote\/nordic-beards-beard-oil-kvenland-30ml\/#breadcrumb\"},\"inLanguage\":\"en-GB\",\"potentialAction\":[{\"@type\":\"ReadAction\",\"target\":[\"https:\/\/www.nordicbeards.com\/index.php\/tuote\/nordic-beards-beard-oil-kvenland-30ml\/\"]}]},{\"@type\":\"ImageObject\",\"inLanguage\":\"en-GB\",\"@id\":\"https:\/\/www.nordicbeards.com\/index.php\/tuote\/nordic-beards-beard-oil-kvenland-30ml\/#primaryimage\",\"url\":\"https:\/\/www.nordicbeards.com\/wp-content\/uploads\/2021\/11\/Nordic-Beards-Kvenland-Beard-Oil.png\",\"contentUrl\":\"https:\/\/www.nordicbeards.com\/wp-content\/uploads\/2021\/11\/Nordic-Beards-Kvenland-Beard-Oil.png\",\"width\":954,\"height\":982},{\"@type\":\"BreadcrumbList\",\"@id\":\"https:\/\/www.nordicbeards.com\/index.php\/tuote\/nordic-beards-beard-oil-kvenland-30ml\/#breadcrumb\",\"itemListElement\":[{\"@type\":\"ListItem\",\"position\":1,\"name\":\"Home\",\"item\":\"https:\/\/www.nordicbeards.com\/\"},{\"@type\":\"ListItem\",\"position\":2,\"name\":\"Shop\",\"item\":\"https:\/\/www.nordicbeards.com\/\"},{\"@type\":\"ListItem\",\"position\":3,\"name\":\"Nordic Beards Beard Oil Kvenland 30 ml\"}]},{\"@type\":\"WebSite\",\"@id\":\"https:\/\/www.nordicbeards.com\/#website\",\"url\":\"https:\/\/www.nordicbeards.com\/\",\"name\":\"Nordic Beards\",\"description\":\"100% natural beard care from Finland\",\"publisher\":{\"@id\":\"https:\/\/www.nordicbeards.com\/#organization\"},\"potentialAction\":[{\"@type\":\"SearchAction\",\"target\":{\"@type\":\"EntryPoint\",\"urlTemplate\":\"https:\/\/www.nordicbeards.com\/?s={search_term_string}\"},\"query-input\":\"required name=search_term_string\"}],\"inLanguage\":\"en-GB\"},{\"@type\":\"Organization\",\"@id\":\"https:\/\/www.nordicbeards.com\/#organization\",\"name\":\"Nordic Beards\",\"url\":\"https:\/\/www.nordicbeards.com\/\",\"logo\":{\"@type\":\"ImageObject\",\"inLanguage\":\"en-GB\",\"@id\":\"https:\/\/www.nordicbeards.com\/#\/schema\/logo\/image\/\",\"url\":\"https:\/\/www.nordicbeards.com\/wp-content\/uploads\/2021\/11\/cropped-cropped-NB_logo.jpeg\",\"contentUrl\":\"https:\/\/www.nordicbeards.com\/wp-content\/uploads\/2021\/11\/cropped-cropped-NB_logo.jpeg\",\"width\":190,\"height\":190,\"caption\":\"Nordic Beards\"},\"image\":{\"@id\":\"https:\/\/www.nordicbeards.com\/#\/schema\/logo\/image\/\"}}]}<\/script>\n<!-- \/ Yoast SEO plugin. -->","yoast_head_json":{"title":"Nordic Beards Beard Oil Kvenland 30 ml - Nordic Beards","description":"Nordic Beards Beard Oil Kvenland is a natural and vegan, handmade beard oil with a woodsy and masculine scent.","robots":{"index":"index","follow":"follow","max-snippet":"max-snippet:-1","max-image-preview":"max-image-preview:large","max-video-preview":"max-video-preview:-1"},"canonical":"https:\/\/www.nordicbeards.com\/index.php\/tuote\/nordic-beards-beard-oil-kvenland-30ml\/","og_locale":"en_GB","og_type":"article","og_title":"Nordic Beards Beard Oil Kvenland 30 ml - Nordic Beards","og_description":"Nordic Beards Beard Oil Kvenland is a natural and vegan, handmade beard oil with a woodsy and masculine scent.","og_url":"https:\/\/www.nordicbeards.com\/index.php\/tuote\/nordic-beards-beard-oil-kvenland-30ml\/","og_site_name":"Nordic Beards","article_modified_time":"2025-06-19T13:36:47+00:00","og_image":[{"width":954,"height":982,"url":"https:\/\/www.nordicbeards.com\/wp-content\/uploads\/2021\/11\/Nordic-Beards-Kvenland-Beard-Oil.png","type":"image\/png"}],"twitter_card":"summary_large_image","twitter_misc":{"Estimated reading time":"3 minutes"},"schema":{"@context":"https:\/\/schema.org","@graph":[{"@type":"WebPage","@id":"https:\/\/www.nordicbeards.com\/index.php\/tuote\/nordic-beards-beard-oil-kvenland-30ml\/","url":"https:\/\/www.nordicbeards.com\/index.php\/tuote\/nordic-beards-beard-oil-kvenland-30ml\/","name":"Nordic Beards Beard Oil Kvenland 30 ml - Nordic Beards","isPartOf":{"@id":"https:\/\/www.nordicbeards.com\/#website"},"primaryImageOfPage":{"@id":"https:\/\/www.nordicbeards.com\/index.php\/tuote\/nordic-beards-beard-oil-kvenland-30ml\/#primaryimage"},"image":{"@id":"https:\/\/www.nordicbeards.com\/index.php\/tuote\/nordic-beards-beard-oil-kvenland-30ml\/#primaryimage"},"thumbnailUrl":"https:\/\/www.nordicbeards.com\/wp-content\/uploads\/2021\/11\/Nordic-Beards-Kvenland-Beard-Oil.png","datePublished":"2021-11-20T16:03:12+00:00","dateModified":"2025-06-19T13:36:47+00:00","description":"Nordic Beards Beard Oil Kvenland is a natural and vegan, handmade beard oil with a woodsy and masculine scent.","breadcrumb":{"@id":"https:\/\/www.nordicbeards.com\/index.php\/tuote\/nordic-beards-beard-oil-kvenland-30ml\/#breadcrumb"},"inLanguage":"en-GB","potentialAction":[{"@type":"ReadAction","target":["https:\/\/www.nordicbeards.com\/index.php\/tuote\/nordic-beards-beard-oil-kvenland-30ml\/"]}]},{"@type":"ImageObject","inLanguage":"en-GB","@id":"https:\/\/www.nordicbeards.com\/index.php\/tuote\/nordic-beards-beard-oil-kvenland-30ml\/#primaryimage","url":"https:\/\/www.nordicbeards.com\/wp-content\/uploads\/2021\/11\/Nordic-Beards-Kvenland-Beard-Oil.png","contentUrl":"https:\/\/www.nordicbeards.com\/wp-content\/uploads\/2021\/11\/Nordic-Beards-Kvenland-Beard-Oil.png","width":954,"height":982},{"@type":"BreadcrumbList","@id":"https:\/\/www.nordicbeards.com\/index.php\/tuote\/nordic-beards-beard-oil-kvenland-30ml\/#breadcrumb","itemListElement":[{"@type":"ListItem","position":1,"name":"Home","item":"https:\/\/www.nordicbeards.com\/"},{"@type":"ListItem","position":2,"name":"Shop","item":"https:\/\/www.nordicbeards.com\/"},{"@type":"ListItem","position":3,"name":"Nordic Beards Beard Oil Kvenland 30 ml"}]},{"@type":"WebSite","@id":"https:\/\/www.nordicbeards.com\/#website","url":"https:\/\/www.nordicbeards.com\/","name":"Nordic Beards","description":"100% natural beard care from Finland","publisher":{"@id":"https:\/\/www.nordicbeards.com\/#organization"},"potentialAction":[{"@type":"SearchAction","target":{"@type":"EntryPoint","urlTemplate":"https:\/\/www.nordicbeards.com\/?s={search_term_string}"},"query-input":"required name=search_term_string"}],"inLanguage":"en-GB"},{"@type":"Organization","@id":"https:\/\/www.nordicbeards.com\/#organization","name":"Nordic Beards","url":"https:\/\/www.nordicbeards.com\/","logo":{"@type":"ImageObject","inLanguage":"en-GB","@id":"https:\/\/www.nordicbeards.com\/#\/schema\/logo\/image\/","url":"https:\/\/www.nordicbeards.com\/wp-content\/uploads\/2021\/11\/cropped-cropped-NB_logo.jpeg","contentUrl":"https:\/\/www.nordicbeards.com\/wp-content\/uploads\/2021\/11\/cropped-cropped-NB_logo.jpeg","width":190,"height":190,"caption":"Nordic Beards"},"image":{"@id":"https:\/\/www.nordicbeards.com\/#\/schema\/logo\/image\/"}}]}},"jetpack_sharing_enabled":true,"jetpack_likes_enabled":true,"_links":{"self":[{"href":"https:\/\/www.nordicbeards.com\/index.php\/wp-json\/wp\/v2\/product\/57"}],"collection":[{"href":"https:\/\/www.nordicbeards.com\/index.php\/wp-json\/wp\/v2\/product"}],"about":[{"href":"https:\/\/www.nordicbeards.com\/index.php\/wp-json\/wp\/v2\/types\/product"}],"replies":[{"embeddable":true,"href":"https:\/\/www.nordicbeards.com\/index.php\/wp-json\/wp\/v2\/comments?post=57"}],"wp:featuredmedia":[{"embeddable":true,"href":"https:\/\/www.nordicbeards.com\/index.php\/wp-json\/wp\/v2\/media\/160"}],"wp:attachment":[{"href":"https:\/\/www.nordicbeards.com\/index.php\/wp-json\/wp\/v2\/media?parent=57"}],"wp:term":[{"taxonomy":"product_cat","embeddable":true,"href":"https:\/\/www.nordicbeards.com\/index.php\/wp-json\/wp\/v2\/product_cat?post=57"},{"taxonomy":"product_tag","embeddable":true,"href":"https:\/\/www.nordicbeards.com\/index.php\/wp-json\/wp\/v2\/product_tag?post=57"}],"curies":[{"name":"wp","href":"https:\/\/api.w.org\/{rel}","templated":true}]}}